{"id":298,"date":"2024-07-03T20:55:18","date_gmt":"2024-07-03T18:55:18","guid":{"rendered":"http:\/\/yohann-multi-services.fr\/?page_id=298"},"modified":"2025-11-09T13:24:37","modified_gmt":"2025-11-09T12:24:37","slug":"travaux-bricolage","status":"publish","type":"page","link":"https:\/\/yohann-multi-services.fr\/index.php\/travaux-bricolage\/","title":{"rendered":""},"content":{"rendered":"<div class=\"vce-row-container\" data-vce-boxed-width=\"true\"><div class=\"vce-row vce-row--col-gap-30 vce-row-equal-height vce-row-content--top\" id=\"el-332f86cd\" data-vce-do-apply=\"all el-332f86cd\"><div class=\"vce-row-content\" data-vce-element-content=\"true\"><div class=\"vce-col vce-col--md-auto vce-col--xs-1 vce-col--xs-last vce-col--xs-first vce-col--sm-last vce-col--sm-first vce-col--md-last vce-col--lg-last vce-col--xl-last vce-col--md-first vce-col--lg-first vce-col--xl-first\" id=\"el-39474e1c\"><div class=\"vce-col-inner\" data-vce-do-apply=\"border margin background  el-39474e1c\"><div class=\"vce-col-content\" data-vce-element-content=\"true\" data-vce-do-apply=\"padding el-39474e1c\"><div class=\"vce-text-block\"><div class=\"vce-text-block-wrapper vce\" id=\"el-6c88386f\" data-vce-do-apply=\"all el-6c88386f\"><h2>Tous types de travaux et bricolage<\/h2><\/div><\/div><\/div><\/div><\/div><\/div><\/div><\/div><div class=\"vce-row-container\" data-vce-boxed-width=\"true\"><div class=\"vce-row vce-row--col-gap-30 vce-row-equal-height vce-row-content--top\" id=\"el-a5656e31\" data-vce-do-apply=\"all el-a5656e31\"><div class=\"vce-row-content\" data-vce-element-content=\"true\"><div class=\"vce-col vce-col--md-auto vce-col--xs-1 vce-col--xs-last vce-col--xs-first vce-col--sm-last vce-col--sm-first vce-col--md-first vce-col--lg-first vce-col--xl-first\" id=\"el-a723c0bf\"><div class=\"vce-col-inner\" data-vce-do-apply=\"border margin background  el-a723c0bf\"><div class=\"vce-col-content\" data-vce-element-content=\"true\" data-vce-do-apply=\"padding el-a723c0bf\"><div class=\"vce-image-gallery vce-image-gallery--gap-10 vce-image-gallery--columns-3\"><div class=\"vce-image-gallery-wrapper vce\" id=\"el-10ac9763\" data-vce-do-apply=\"all el-10ac9763\"><div class=\"vce-image-gallery-list\"><div class=\"vce-image-gallery-item\"><figure class=\"vce-image-gallery-item-inner-wrapper\"><a href=\"https:\/\/yohann-multi-services.fr\/wp-content\/uploads\/2024\/07\/photos-016-scaled.jpg\" data-lightbox=\"lightbox-10ac9763\" class=\"vce-image-gallery-item-inner\"><img decoding=\"async\" class=\"vce-image-gallery-img\" src=\"https:\/\/yohann-multi-services.fr\/wp-content\/uploads\/2024\/07\/photos-016-1024x768.jpg\" alt=\"\" title=\"photos 016\"><\/a><\/figure><\/div><div class=\"vce-image-gallery-item\"><figure class=\"vce-image-gallery-item-inner-wrapper\"><a href=\"https:\/\/yohann-multi-services.fr\/wp-content\/uploads\/2024\/07\/100_8181-scaled.jpg\" data-lightbox=\"lightbox-10ac9763\" class=\"vce-image-gallery-item-inner\"><img decoding=\"async\" class=\"vce-image-gallery-img\" src=\"https:\/\/yohann-multi-services.fr\/wp-content\/uploads\/2024\/07\/100_8181-1024x768.jpg\" alt=\"\" title=\"100_8181\"><\/a><\/figure><\/div><div class=\"vce-image-gallery-item\"><figure class=\"vce-image-gallery-item-inner-wrapper\"><a href=\"https:\/\/yohann-multi-services.fr\/wp-content\/uploads\/2024\/07\/100_8180-scaled.jpg\" data-lightbox=\"lightbox-10ac9763\" class=\"vce-image-gallery-item-inner\"><img decoding=\"async\" class=\"vce-image-gallery-img\" src=\"https:\/\/yohann-multi-services.fr\/wp-content\/uploads\/2024\/07\/100_8180-1024x768.jpg\" alt=\"\" title=\"100_8180\"><\/a><\/figure><\/div><div class=\"vce-image-gallery-item\"><figure class=\"vce-image-gallery-item-inner-wrapper\"><a href=\"https:\/\/yohann-multi-services.fr\/wp-content\/uploads\/2024\/07\/photos-024-scaled.jpg\" data-lightbox=\"lightbox-10ac9763\" class=\"vce-image-gallery-item-inner\"><img decoding=\"async\" class=\"vce-image-gallery-img\" src=\"https:\/\/yohann-multi-services.fr\/wp-content\/uploads\/2024\/07\/photos-024-1024x768.jpg\" alt=\"\" title=\"photos 024\"><\/a><\/figure><\/div><div class=\"vce-image-gallery-item\"><figure class=\"vce-image-gallery-item-inner-wrapper\"><a href=\"https:\/\/yohann-multi-services.fr\/wp-content\/uploads\/2024\/07\/IMG_1071-scaled.jpg\" data-lightbox=\"lightbox-10ac9763\" class=\"vce-image-gallery-item-inner\"><img decoding=\"async\" class=\"vce-image-gallery-img\" src=\"https:\/\/yohann-multi-services.fr\/wp-content\/uploads\/2024\/07\/IMG_1071-1024x768.jpg\" alt=\"\" title=\"IMG_1071\"><\/a><\/figure><\/div><div class=\"vce-image-gallery-item\"><figure class=\"vce-image-gallery-item-inner-wrapper\"><a href=\"https:\/\/yohann-multi-services.fr\/wp-content\/uploads\/2024\/07\/IMG_1068-scaled.jpg\" data-lightbox=\"lightbox-10ac9763\" class=\"vce-image-gallery-item-inner\"><img decoding=\"async\" class=\"vce-image-gallery-img\" src=\"https:\/\/yohann-multi-services.fr\/wp-content\/uploads\/2024\/07\/IMG_1068-1024x768.jpg\" alt=\"\" title=\"IMG_1068\"><\/a><\/figure><\/div><\/div><\/div><\/div><\/div><\/div><\/div><div class=\"vce-col vce-col--md-auto vce-col--xs-1 vce-col--xs-last vce-col--xs-first vce-col--sm-last vce-col--sm-first vce-col--md-last vce-col--lg-last vce-col--xl-last\" id=\"el-96a328b2\"><div class=\"vce-col-inner\" data-vce-do-apply=\"border margin background  el-96a328b2\"><div class=\"vce-col-content\" data-vce-element-content=\"true\" data-vce-do-apply=\"padding el-96a328b2\"><div class=\"vce-text-block\"><div class=\"vce-text-block-wrapper vce\" id=\"el-42361099\" data-vce-do-apply=\"all el-42361099\"><h2>R\u00e9alisation de tous type de travaux de la maison<\/h2><p>Electricit\u00e9, plomberie<\/p><p>Pose de placo<\/p><p>Pose de parquet<\/p><p>Peinture<\/p><p>Am\u00e9nagement de combles&nbsp;<\/p><\/div><\/div><\/div><\/div><\/div><\/div><\/div><\/div><div class=\"vce-row-container\" data-vce-boxed-width=\"true\"><div class=\"vce-row vce-row--col-gap-30 vce-row-equal-height vce-row-content--top\" id=\"el-b670601b\" data-vce-do-apply=\"all el-b670601b\"><div class=\"vce-row-content\" data-vce-element-content=\"true\"><div class=\"vce-col vce-col--md-auto vce-col--xs-1 vce-col--xs-last vce-col--xs-first vce-col--sm-last vce-col--sm-first vce-col--md-last vce-col--lg-last vce-col--xl-last vce-col--md-first vce-col--lg-first vce-col--xl-first\" id=\"el-8a53dcee\"><div class=\"vce-col-inner\" data-vce-do-apply=\"border margin background  el-8a53dcee\"><div class=\"vce-col-content\" data-vce-element-content=\"true\" data-vce-do-apply=\"padding el-8a53dcee\"><div class=\"vce vce-separator-container vce-separator--align-center vce-separator--style-solid\" id=\"el-460c77da\" data-vce-do-apply=\"margin el-460c77da\"><div class=\"vce-separator vce-separator--color-bfc0c1 vce-separator--width-60 vce-separator--thickness-1\" data-vce-do-apply=\"border padding background  el-460c77da\"><\/div><\/div><\/div><\/div><\/div><\/div><\/div><\/div><div class=\"vce-row-container\" data-vce-boxed-width=\"true\"><div class=\"vce-row vce-row--col-gap-30 vce-row-equal-height vce-row-content--top\" id=\"el-698bf4c9\" data-vce-do-apply=\"all el-698bf4c9\"><div class=\"vce-row-content\" data-vce-element-content=\"true\"><div class=\"vce-col vce-col--md-auto vce-col--xs-1 vce-col--xs-last vce-col--xs-first vce-col--sm-last vce-col--sm-first vce-col--md-last vce-col--lg-last vce-col--xl-last vce-col--md-first vce-col--lg-first vce-col--xl-first\" id=\"el-8b860a46\"><div class=\"vce-col-inner\" data-vce-do-apply=\"border margin background  el-8b860a46\"><div class=\"vce-col-content\" data-vce-element-content=\"true\" data-vce-do-apply=\"padding el-8b860a46\"><div class=\"vce-simple-image-slider\" style=\"--backgroundPosition: center center; --pointerColor: #fff; --pointerColorHover: #fd9a00;\"><div class=\"vce-simple-image-slider-wrapper vce vce-simple-image-slider-shape--rounded\" id=\"el-d728d94f\" data-vce-do-apply=\"all el-d728d94f\"><div class=\"vce-simple-image-slider-helper vce-simple-image-slider-aspect-ratio--16-9\"><div class=\"vce-simple-image-slider-list\" data-slick-autoplay=\"on\" data-slick-autoplay-delay=\"2000\" data-slick-effect=\"slideIn\" data-slick-dots=\"on\" data-slick-arrows=\"off\"><div class=\"slick-list\"><div class=\"slick-track\"><div class=\"vce-simple-image-slider-item vc-slick-item\"><div style=\"background-image:url(https:\/\/yohann-multi-services.fr\/wp-content\/uploads\/2024\/07\/IMG_1068-scaled.jpg)\" class=\"vce-simple-image-slider-img vce-simple-image-slider-img--scale\"><img decoding=\"async\" class=\"\" src=\"https:\/\/yohann-multi-services.fr\/wp-content\/uploads\/2024\/07\/IMG_1068-scaled.jpg\" style=\"opacity:0\" alt=\"\"><\/div><\/div><div class=\"vce-simple-image-slider-item vc-slick-item\"><div style=\"background-image:url(https:\/\/yohann-multi-services.fr\/wp-content\/uploads\/2024\/07\/IMG_1071-scaled.jpg)\" class=\"vce-simple-image-slider-img vce-simple-image-slider-img--scale\"><img decoding=\"async\" class=\"\" src=\"https:\/\/yohann-multi-services.fr\/wp-content\/uploads\/2024\/07\/IMG_1071-scaled.jpg\" style=\"opacity:0\" alt=\"\"><\/div><\/div><div class=\"vce-simple-image-slider-item vc-slick-item\"><div style=\"background-image:url(https:\/\/yohann-multi-services.fr\/wp-content\/uploads\/2024\/07\/photos-024-scaled.jpg)\" class=\"vce-simple-image-slider-img vce-simple-image-slider-img--scale\"><img decoding=\"async\" class=\"\" src=\"https:\/\/yohann-multi-services.fr\/wp-content\/uploads\/2024\/07\/photos-024-scaled.jpg\" style=\"opacity:0\" alt=\"\"><\/div><\/div><div class=\"vce-simple-image-slider-item vc-slick-item\"><div style=\"background-image:url(https:\/\/yohann-multi-services.fr\/wp-content\/uploads\/2024\/07\/100_8180-scaled.jpg)\" class=\"vce-simple-image-slider-img vce-simple-image-slider-img--scale\"><img decoding=\"async\" class=\"\" src=\"https:\/\/yohann-multi-services.fr\/wp-content\/uploads\/2024\/07\/100_8180-scaled.jpg\" style=\"opacity:0\" alt=\"\"><\/div><\/div><div class=\"vce-simple-image-slider-item vc-slick-item\"><div style=\"background-image:url(https:\/\/yohann-multi-services.fr\/wp-content\/uploads\/2024\/07\/100_8181-scaled.jpg)\" class=\"vce-simple-image-slider-img vce-simple-image-slider-img--scale\"><img decoding=\"async\" class=\"\" src=\"https:\/\/yohann-multi-services.fr\/wp-content\/uploads\/2024\/07\/100_8181-scaled.jpg\" style=\"opacity:0\" alt=\"\"><\/div><\/div><div class=\"vce-simple-image-slider-item vc-slick-item\"><div style=\"background-image:url(https:\/\/yohann-multi-services.fr\/wp-content\/uploads\/2024\/07\/photos-016-scaled.jpg)\" class=\"vce-simple-image-slider-img vce-simple-image-slider-img--scale\"><img decoding=\"async\" class=\"\" src=\"https:\/\/yohann-multi-services.fr\/wp-content\/uploads\/2024\/07\/photos-016-scaled.jpg\" style=\"opacity:0\" alt=\"\"><\/div><\/div><\/div><\/div><\/div><div class=\"vce-simple-image-slider-dots\"><\/div><\/div><\/div><\/div><\/div><\/div><\/div><\/div><\/div><\/div><div class=\"vce-row-container\" data-vce-boxed-width=\"true\"><div class=\"vce-row vce-row--col-gap-30 vce-row-equal-height vce-row-content--top\" id=\"el-aa2475cd\" data-vce-do-apply=\"all el-aa2475cd\"><div class=\"vce-row-content\" data-vce-element-content=\"true\"><div class=\"vce-col vce-col--md-auto vce-col--xs-1 vce-col--xs-last vce-col--xs-first vce-col--sm-last vce-col--sm-first vce-col--md-last vce-col--lg-last vce-col--xl-last vce-col--md-first vce-col--lg-first vce-col--xl-first\" id=\"el-14d1a99d\"><div class=\"vce-col-inner\" data-vce-do-apply=\"border margin background  el-14d1a99d\"><div class=\"vce-col-content\" data-vce-element-content=\"true\" data-vce-do-apply=\"padding el-14d1a99d\"><div class=\"vce vce-separator-container vce-separator--align-center vce-separator--style-solid\" id=\"el-35a00b2d\" data-vce-do-apply=\"margin el-35a00b2d\"><div class=\"vce-separator vce-separator--color-bfc0c1 vce-separator--width-60 vce-separator--thickness-1\" data-vce-do-apply=\"border padding background  el-35a00b2d\"><\/div><\/div><\/div><\/div><\/div><\/div><\/div><\/div><div class=\"vce-row-container\" data-vce-boxed-width=\"true\"><div class=\"vce-row vce-row--col-gap-30 vce-row-equal-height vce-row-content--top\" id=\"el-8dcc2f3a\" data-vce-do-apply=\"all el-8dcc2f3a\"><div class=\"vce-row-content\" data-vce-element-content=\"true\"><div class=\"vce-col vce-col--md-auto vce-col--xs-1 vce-col--xs-last vce-col--xs-first vce-col--sm-last vce-col--sm-first vce-col--md-last vce-col--lg-last vce-col--xl-last vce-col--md-first vce-col--lg-first vce-col--xl-first\" id=\"el-d9f00843\"><div class=\"vce-col-inner\" data-vce-do-apply=\"border margin background  el-d9f00843\"><div class=\"vce-col-content\" data-vce-element-content=\"true\" data-vce-do-apply=\"padding el-d9f00843\"><div class=\"vcv-row-control-wrapper\"><\/div><\/div><\/div><\/div><\/div><\/div><\/div>","protected":false},"excerpt":{"rendered":"<p>Tous types de travaux et bricolageR\u00e9alisation de tous type de travaux de la maisonElectricit\u00e9, plomberiePose de placoPose de parquetPeintureAm\u00e9nagement de combles&nbsp;<\/p>\n","protected":false},"author":1,"featured_media":305,"parent":0,"menu_order":0,"comment_status":"closed","ping_status":"closed","template":"","meta":{"footnotes":""},"class_list":["post-298","page","type-page","status-publish","has-post-thumbnail","hentry"],"_links":{"self":[{"href":"https:\/\/yohann-multi-services.fr\/index.php\/wp-json\/wp\/v2\/pages\/298","targetHints":{"allow":["GET"]}}],"collection":[{"href":"https:\/\/yohann-multi-services.fr\/index.php\/wp-json\/wp\/v2\/pages"}],"about":[{"href":"https:\/\/yohann-multi-services.fr\/index.php\/wp-json\/wp\/v2\/types\/page"}],"author":[{"embeddable":true,"href":"https:\/\/yohann-multi-services.fr\/index.php\/wp-json\/wp\/v2\/users\/1"}],"replies":[{"embeddable":true,"href":"https:\/\/yohann-multi-services.fr\/index.php\/wp-json\/wp\/v2\/comments?post=298"}],"version-history":[{"count":5,"href":"https:\/\/yohann-multi-services.fr\/index.php\/wp-json\/wp\/v2\/pages\/298\/revisions"}],"predecessor-version":[{"id":337,"href":"https:\/\/yohann-multi-services.fr\/index.php\/wp-json\/wp\/v2\/pages\/298\/revisions\/337"}],"wp:featuredmedia":[{"embeddable":true,"href":"https:\/\/yohann-multi-services.fr\/index.php\/wp-json\/wp\/v2\/media\/305"}],"wp:attachment":[{"href":"https:\/\/yohann-multi-services.fr\/index.php\/wp-json\/wp\/v2\/media?parent=298"}],"curies":[{"name":"wp","href":"https:\/\/api.w.org\/{rel}","templated":true}]}}