{"id":230,"date":"2024-06-13T20:20:11","date_gmt":"2024-06-13T18:20:11","guid":{"rendered":"http:\/\/yohann-multi-services.fr\/?page_id=230"},"modified":"2024-06-13T20:34:37","modified_gmt":"2024-06-13T18:34:37","slug":"mentions-legale","status":"publish","type":"page","link":"https:\/\/yohann-multi-services.fr\/index.php\/mentions-legale\/","title":{"rendered":""},"content":{"rendered":"<div class=\"vce-row-container\" data-vce-boxed-width=\"true\"><div class=\"vce-row vce-row--col-gap-30 vce-row-equal-height vce-row-content--top\" id=\"el-b7723c2e\" data-vce-do-apply=\"all el-b7723c2e\"><div class=\"vce-row-content\" data-vce-element-content=\"true\"><div class=\"vce-col vce-col--md-auto vce-col--xs-1 vce-col--xs-last vce-col--xs-first vce-col--sm-last vce-col--sm-first vce-col--md-last vce-col--lg-last vce-col--xl-last vce-col--md-first vce-col--lg-first vce-col--xl-first\" id=\"el-0ebfb27c\"><div class=\"vce-col-inner\" data-vce-do-apply=\"border margin background  el-0ebfb27c\"><div class=\"vce-col-content\" data-vce-element-content=\"true\" data-vce-do-apply=\"padding el-0ebfb27c\"><div class=\"vce-text-block\"><div class=\"vce-text-block-wrapper vce\" id=\"el-63dcc54e\" data-vce-do-apply=\"all el-63dcc54e\"><p><b>MENTIONS L\u00c9GALES<\/b><\/p><p>Conform\u00e9ment aux dispositions de la loi n\u00b0 2004-575 du 21 juin 2004 pour la confiance en l\u2019\u00e9conomie num\u00e9rique, il est pr\u00e9cis\u00e9 aux utilisateurs du site yohann-multi-services l\u2019identit\u00e9 des diff\u00e9rents intervenants dans le cadre de sa r\u00e9alisation et de son suivi.<\/p><p><b>Edition du site&nbsp;<\/b><\/p><p>Le pr\u00e9sent site, accessible \u00e0 l\u2019URL www.yohann-multi-services.fr (le \u00ab Site \u00bb), est \u00e9dit\u00e9 par :<\/p><p>Yohann BERNARD, r\u00e9sidant 3 le pr\u00e9 49610 Moz\u00e9 sur Louet, de nationalit\u00e9 Fran\u00e7aise (France), n\u00e9(e) le 09\/09\/1978,<\/p><p><b>H\u00e9bergement<\/b><\/p><p>Le Site est h\u00e9berg\u00e9 par la soci\u00e9t\u00e9 OVH SAS, situ\u00e9 2 rue Kellermann \u2013 BP 80157 \u2013 59053 Roubaix Cedex 1, (contact t\u00e9l\u00e9phonique ou email : 1007).<\/p><p><b>Directeur de publication&nbsp;<\/b><\/p><p>Le Directeur de la publication du Site est Yohann BERNARD.<\/p><p><b>Nous contacter&nbsp;<\/b><\/p><p>Par t\u00e9l\u00e9phone : 09 81 75 71 31<\/p><p>Par email : contact@yohann-multi-services.fr<\/p><p>Par courrier&nbsp;: 3 le pr\u00e9 49610 Moz\u00e9 sur Louet<\/p><p>G\u00e9n\u00e9ration des mentions l\u00e9gales par&nbsp;<a href=\"https:\/\/www.legalstart.fr\/\">Legalstart<\/a>.<\/p><\/div><\/div><\/div><\/div><\/div><\/div><\/div><\/div>\n","protected":false},"excerpt":{"rendered":"<p>MENTIONS L\u00c9GALESConform\u00e9ment aux dispositions de la loi n\u00b0 2004-575 du 21 juin 2004 pour la confiance en l\u2019\u00e9conomie num\u00e9rique, il est pr\u00e9cis\u00e9 aux utilisateurs du site yohann-multi-services l\u2019identit\u00e9 des diff\u00e9rents intervenants dans le cadre de sa r\u00e9alisation et de son suivi.Edition du site&nbsp;Le pr\u00e9sent site, accessible \u00e0 l\u2019URL www.yohann-multi-services.fr (le \u00ab Site \u00bb), est \u00e9dit\u00e9 &hellip; <\/p>\n<p class=\"link-more\"><a href=\"https:\/\/yohann-multi-services.fr\/index.php\/mentions-legale\/\" class=\"more-link\">Lire la suite de<span class=\"screen-reader-text\">\u00ab\u00a0\u00a0\u00bb<\/span><\/a><\/p>\n","protected":false},"author":1,"featured_media":0,"parent":0,"menu_order":0,"comment_status":"closed","ping_status":"closed","template":"","meta":{"footnotes":""},"class_list":["post-230","page","type-page","status-publish","hentry"],"_links":{"self":[{"href":"https:\/\/yohann-multi-services.fr\/index.php\/wp-json\/wp\/v2\/pages\/230","targetHints":{"allow":["GET"]}}],"collection":[{"href":"https:\/\/yohann-multi-services.fr\/index.php\/wp-json\/wp\/v2\/pages"}],"about":[{"href":"https:\/\/yohann-multi-services.fr\/index.php\/wp-json\/wp\/v2\/types\/page"}],"author":[{"embeddable":true,"href":"https:\/\/yohann-multi-services.fr\/index.php\/wp-json\/wp\/v2\/users\/1"}],"replies":[{"embeddable":true,"href":"https:\/\/yohann-multi-services.fr\/index.php\/wp-json\/wp\/v2\/comments?post=230"}],"version-history":[{"count":5,"href":"https:\/\/yohann-multi-services.fr\/index.php\/wp-json\/wp\/v2\/pages\/230\/revisions"}],"predecessor-version":[{"id":237,"href":"https:\/\/yohann-multi-services.fr\/index.php\/wp-json\/wp\/v2\/pages\/230\/revisions\/237"}],"wp:attachment":[{"href":"https:\/\/yohann-multi-services.fr\/index.php\/wp-json\/wp\/v2\/media?parent=230"}],"curies":[{"name":"wp","href":"https:\/\/api.w.org\/{rel}","templated":true}]}}