{"id":227,"date":"2024-06-13T20:17:19","date_gmt":"2024-06-13T18:17:19","guid":{"rendered":"http:\/\/yohann-multi-services.fr\/?page_id=227"},"modified":"2024-06-13T20:17:19","modified_gmt":"2024-06-13T18:17:19","slug":"cgu","status":"publish","type":"page","link":"https:\/\/yohann-multi-services.fr\/index.php\/cgu\/","title":{"rendered":""},"content":{"rendered":"<div class=\"vce-row-container\" data-vce-boxed-width=\"true\"><div class=\"vce-row vce-row--col-gap-30 vce-row-equal-height vce-row-content--top\" id=\"el-1f2f7638\" data-vce-do-apply=\"all el-1f2f7638\"><div class=\"vce-row-content\" data-vce-element-content=\"true\"><div class=\"vce-col vce-col--md-auto vce-col--xs-1 vce-col--xs-last vce-col--xs-first vce-col--sm-last vce-col--sm-first vce-col--md-last vce-col--lg-last vce-col--xl-last vce-col--md-first vce-col--lg-first vce-col--xl-first\" id=\"el-94e7c07c\"><div class=\"vce-col-inner\" data-vce-do-apply=\"border margin background  el-94e7c07c\"><div class=\"vce-col-content\" data-vce-element-content=\"true\" data-vce-do-apply=\"padding el-94e7c07c\"><div class=\"vce-text-block\"><div class=\"vce-text-block-wrapper vce\" id=\"el-601e774e\" data-vce-do-apply=\"all el-601e774e\"><h4>Conditions g\u00e9n\u00e9rales d\u2019utilisation<\/h4><p>En vigueur au 22\/08\/2022<\/p><p>Les pr\u00e9sentes conditions g\u00e9n\u00e9rales d\u2019utilisation (dites \u00ab&nbsp;<strong>CGU<\/strong> \u00bb) ont pour objet l\u2019encadrement juridique des modalit\u00e9s de mise \u00e0 disposition du site et des services par Yohann Multiservices et de d\u00e9finir les conditions d\u2019acc\u00e8s et d\u2019utilisation des services par \u00ab <strong>l\u2019Utilisateur<\/strong>&nbsp;\u00bb.<\/p><p>Les pr\u00e9sentes CGU sont accessibles sur le site \u00e0 la rubrique \u00ab<strong>CGU<\/strong>\u00bb.<\/p><h4>Article 1 : Les mentions l\u00e9gales<\/h4><p>L\u2019\u00e9dition et la direction de la publication du site www.crea-metabois.ovh est assur\u00e9e par BERNARD Yohann, domicili\u00e9 Moz\u00e9 sur Louet. Adresse e-mail contact@yohann-multi-services.fr<\/p><p>L\u2019h\u00e9bergeur du site www.yohann-multi-services.fr est la soci\u00e9t\u00e9 OVH, dont le si\u00e8ge social est situ\u00e9 au Roubaix, avec le num\u00e9ro de t\u00e9l\u00e9phone : 1007.<\/p><h4>ARTICLE 2 : Acc\u00e8s au site<\/h4><p>Le site www.crea-metabois.ovh&nbsp; permet \u00e0 l\u2019Utilisateur un acc\u00e8s gratuit aux services suivants :<\/p><p>Le site internet propose les services suivants :<\/p><p>Pr\u00e9sentation de cr\u00e9ation de meubles en bois et m\u00e9tal<\/p><p>Le site est accessible gratuitement en tout lieu \u00e0 tout Utilisateur ayant un acc\u00e8s \u00e0 Internet. Tous les frais support\u00e9s par l\u2019Utilisateur pour acc\u00e9der au service (mat\u00e9riel informatique, logiciels, connexion Internet, etc.) sont \u00e0 sa charge.<\/p><h4>ARTICLE 3 : Collecte des donn\u00e9es<\/h4><p>Le site est exempt\u00e9 de d\u00e9claration \u00e0 la Commission Nationale Informatique et Libert\u00e9s (CNIL) dans la mesure o\u00f9 il ne collecte aucune donn\u00e9e concernant les Utilisateurs.<\/p><h4>ARTICLE 4 : Propri\u00e9t\u00e9 intellectuelle<\/h4><p>Les marques, logos, signes ainsi que tous les contenus du site (textes, images, son\u2026) font l\u2019objet d\u2019une protection par le Code de la propri\u00e9t\u00e9 intellectuelle et plus particuli\u00e8rement par le droit d\u2019auteur.<\/p><p>L\u2019Utilisateur doit solliciter l\u2019autorisation pr\u00e9alable du site pour toute reproduction, publication, copie des diff\u00e9rents contenus. Il s\u2019engage \u00e0 une utilisation des contenus du site dans un cadre strictement priv\u00e9, toute utilisation \u00e0 des fins commerciales et publicitaires est strictement interdite.<\/p><p>Toute repr\u00e9sentation totale ou partielle de ce site par quelque proc\u00e9d\u00e9 que ce soit, sans l\u2019autorisation expresse de l\u2019exploitant du site Internet constituerait une contrefa\u00e7on sanctionn\u00e9e par l\u2019article L 335-2 et suivants du Code de la propri\u00e9t\u00e9 intellectuelle.<\/p><p>Il est rappel\u00e9 conform\u00e9ment \u00e0 l\u2019article L122-5 du Code de propri\u00e9t\u00e9 intellectuelle que l\u2019Utilisateur qui reproduit, copie ou publie le contenu prot\u00e9g\u00e9 doit citer l\u2019auteur et sa source.<\/p><h4>ARTICLE 5 : Responsabilit\u00e9<\/h4><p>Les sources des informations diffus\u00e9es sur le site www.crea-metabois.ovh sont r\u00e9put\u00e9es fiables mais le site ne garantit pas qu\u2019il soit exempt de d\u00e9fauts, d\u2019erreurs ou d\u2019omissions.<\/p><p>Les informations communiqu\u00e9es sont pr\u00e9sent\u00e9es \u00e0 titre indicatif et g\u00e9n\u00e9ral sans valeur contractuelle. Malgr\u00e9 des mises \u00e0 jour r\u00e9guli\u00e8res, le site www.yohann-multi-services.fr ne peut \u00eatre tenu responsable de la modification des dispositions administratives et juridiques survenant apr\u00e8s la publication. De m\u00eame, le site ne peut \u00eatre tenue responsable de l\u2019utilisation et de l\u2019interpr\u00e9tation de l\u2019information contenue dans ce site.<\/p><p>Le site www.yohann-multi-services.fr ne peut \u00eatre tenu pour responsable d\u2019\u00e9ventuels virus qui pourraient infecter l\u2019ordinateur ou tout mat\u00e9riel informatique de l\u2019Internaute, suite \u00e0 une utilisation, \u00e0 l\u2019acc\u00e8s, ou au t\u00e9l\u00e9chargement provenant de ce site.<\/p><p>La responsabilit\u00e9 du site ne peut \u00eatre engag\u00e9e en cas de force majeure ou du fait impr\u00e9visible et insurmontable d\u2019un tiers.<\/p><h4>ARTICLE 6 : Liens hypertextes<\/h4><p>Des liens hypertextes peuvent \u00eatre pr\u00e9sents sur le site. L\u2019Utilisateur est inform\u00e9 qu\u2019en cliquant sur ces liens, il sortira du site www.yohann-multi-services.fr. Ce dernier n\u2019a pas de contr\u00f4le sur les pages web sur lesquelles aboutissent ces liens et ne saurait, en aucun cas, \u00eatre responsable de leur contenu.<\/p><h4>ARTICLE 7 : Cookies<\/h4><p>L\u2019Utilisateur est inform\u00e9 que lors de ses visites sur le site, un cookie peut s\u2019installer automatiquement sur son logiciel de navigation.<\/p><p>Les cookies sont de petits fichiers stock\u00e9s temporairement sur le disque dur de l\u2019ordinateur de l\u2019Utilisateur par votre navigateur et qui sont n\u00e9cessaires \u00e0 l\u2019utilisation du site www.yohann-multi-services.fr. Les cookies ne contiennent pas d\u2019information personnelle et ne peuvent pas \u00eatre utilis\u00e9s pour identifier quelqu\u2019un. Un cookie contient un identifiant unique, g\u00e9n\u00e9r\u00e9 al\u00e9atoirement et donc anonyme. Certains cookies expirent \u00e0 la fin de la visite de l\u2019Utilisateur, d\u2019autres restent.<\/p><p>L\u2019information contenue dans les cookies est utilis\u00e9e pour am\u00e9liorer le site www.yohann-multi-services.fr.<\/p><p>En naviguant sur le site, L\u2019Utilisateur les accepte.<\/p><p>L\u2019Utilisateur pourra d\u00e9sactiver ces cookies par l\u2019interm\u00e9diaire des param\u00e8tres figurant au sein de son logiciel de navigation.<\/p><h4>ARTICLE 8 : Droit applicable et juridiction comp\u00e9tente<\/h4><p>La l\u00e9gislation fran\u00e7aise s\u2019applique au pr\u00e9sent contrat. En cas d\u2019absence de r\u00e9solution amiable d\u2019un litige n\u00e9 entre les parties, les tribunaux fran\u00e7ais seront seuls comp\u00e9tents pour en conna\u00eetre.<\/p><p>Pour toute question relative \u00e0 l\u2019application des pr\u00e9sentes CGU, vous pouvez joindre l\u2019\u00e9diteur aux coordonn\u00e9es inscrites \u00e0 l\u2019ARTICLE 1.<\/p><p>CGU r\u00e9alis\u00e9es sur http:\/\/legalplace.fr\/<\/p><\/div><\/div><\/div><\/div><\/div><\/div><\/div><\/div>\n","protected":false},"excerpt":{"rendered":"<p>Conditions g\u00e9n\u00e9rales d\u2019utilisationEn vigueur au 22\/08\/2022Les pr\u00e9sentes conditions g\u00e9n\u00e9rales d\u2019utilisation (dites \u00ab&nbsp;CGU \u00bb) ont pour objet l\u2019encadrement juridique des modalit\u00e9s de mise \u00e0 disposition du site et des services par Yohann Multiservices et de d\u00e9finir les conditions d\u2019acc\u00e8s et d\u2019utilisation des services par \u00ab l\u2019Utilisateur&nbsp;\u00bb.Les pr\u00e9sentes CGU sont accessibles sur le site \u00e0 la rubrique &hellip; <\/p>\n<p class=\"link-more\"><a href=\"https:\/\/yohann-multi-services.fr\/index.php\/cgu\/\" class=\"more-link\">Lire la suite de<span class=\"screen-reader-text\">\u00ab\u00a0\u00a0\u00bb<\/span><\/a><\/p>\n","protected":false},"author":1,"featured_media":0,"parent":0,"menu_order":0,"comment_status":"closed","ping_status":"closed","template":"","meta":{"footnotes":""},"class_list":["post-227","page","type-page","status-publish","hentry"],"_links":{"self":[{"href":"https:\/\/yohann-multi-services.fr\/index.php\/wp-json\/wp\/v2\/pages\/227","targetHints":{"allow":["GET"]}}],"collection":[{"href":"https:\/\/yohann-multi-services.fr\/index.php\/wp-json\/wp\/v2\/pages"}],"about":[{"href":"https:\/\/yohann-multi-services.fr\/index.php\/wp-json\/wp\/v2\/types\/page"}],"author":[{"embeddable":true,"href":"https:\/\/yohann-multi-services.fr\/index.php\/wp-json\/wp\/v2\/users\/1"}],"replies":[{"embeddable":true,"href":"https:\/\/yohann-multi-services.fr\/index.php\/wp-json\/wp\/v2\/comments?post=227"}],"version-history":[{"count":2,"href":"https:\/\/yohann-multi-services.fr\/index.php\/wp-json\/wp\/v2\/pages\/227\/revisions"}],"predecessor-version":[{"id":229,"href":"https:\/\/yohann-multi-services.fr\/index.php\/wp-json\/wp\/v2\/pages\/227\/revisions\/229"}],"wp:attachment":[{"href":"https:\/\/yohann-multi-services.fr\/index.php\/wp-json\/wp\/v2\/media?parent=227"}],"curies":[{"name":"wp","href":"https:\/\/api.w.org\/{rel}","templated":true}]}}