{"id":194,"date":"2024-06-09T09:52:55","date_gmt":"2024-06-09T07:52:55","guid":{"rendered":"http:\/\/yohann-multi-services.fr\/?page_id=194"},"modified":"2024-09-19T22:02:08","modified_gmt":"2024-09-19T20:02:08","slug":"menuiserie","status":"publish","type":"page","link":"https:\/\/yohann-multi-services.fr\/index.php\/menuiserie\/","title":{"rendered":""},"content":{"rendered":"<div class=\"vce-row-container\" data-vce-boxed-width=\"true\"><div class=\"vce-row vce-row--col-gap-30 vce-row-equal-height vce-row-content--top\" id=\"el-332f86cd\" data-vce-do-apply=\"all el-332f86cd\"><div class=\"vce-row-content\" data-vce-element-content=\"true\"><div class=\"vce-col vce-col--md-auto vce-col--xs-1 vce-col--xs-last vce-col--xs-first vce-col--sm-last vce-col--sm-first vce-col--md-last vce-col--lg-last vce-col--xl-last vce-col--md-first vce-col--lg-first vce-col--xl-first\" id=\"el-39474e1c\"><div class=\"vce-col-inner\" data-vce-do-apply=\"border margin background  el-39474e1c\"><div class=\"vce-col-content\" data-vce-element-content=\"true\" data-vce-do-apply=\"padding el-39474e1c\"><div class=\"vce-text-block\"><div class=\"vce-text-block-wrapper vce\" id=\"el-6c88386f\" data-vce-do-apply=\"all el-6c88386f\"><h2>R\u00e9alisation de meubles sur mesure<\/h2><\/div><\/div><\/div><\/div><\/div><\/div><\/div><\/div><div class=\"vce-row-container\" data-vce-boxed-width=\"true\"><div class=\"vce-row vce-row--col-gap-30 vce-row-equal-height vce-row-content--top\" id=\"el-a5656e31\" data-vce-do-apply=\"all el-a5656e31\"><div class=\"vce-row-content\" data-vce-element-content=\"true\"><div class=\"vce-col vce-col--md-auto vce-col--xs-1 vce-col--xs-last vce-col--xs-first vce-col--sm-last vce-col--sm-first vce-col--md-first vce-col--lg-first vce-col--xl-first\" id=\"el-a723c0bf\"><div class=\"vce-col-inner\" data-vce-do-apply=\"border margin background  el-a723c0bf\"><div class=\"vce-col-content\" data-vce-element-content=\"true\" data-vce-do-apply=\"padding el-a723c0bf\"><div class=\"vce-image-gallery vce-image-gallery--gap-10 vce-image-gallery--columns-3\"><div class=\"vce-image-gallery-wrapper vce\" id=\"el-10ac9763\" data-vce-do-apply=\"all el-10ac9763\"><div class=\"vce-image-gallery-list\"><div class=\"vce-image-gallery-item\"><figure class=\"vce-image-gallery-item-inner-wrapper\"><a href=\"https:\/\/yohann-multi-services.fr\/wp-content\/uploads\/2024\/06\/IMG_1483-scaled.jpg\" data-lightbox=\"lightbox-10ac9763\" class=\"vce-image-gallery-item-inner\"><img decoding=\"async\" class=\"vce-image-gallery-img\" src=\"https:\/\/yohann-multi-services.fr\/wp-content\/uploads\/2024\/06\/IMG_1483-1024x768.jpg\" alt=\"\" title=\"IMG_1483\"><\/a><\/figure><\/div><div class=\"vce-image-gallery-item\"><figure class=\"vce-image-gallery-item-inner-wrapper\"><a href=\"https:\/\/yohann-multi-services.fr\/wp-content\/uploads\/2024\/06\/IMG_1330-scaled.jpg\" data-lightbox=\"lightbox-10ac9763\" class=\"vce-image-gallery-item-inner\"><img decoding=\"async\" class=\"vce-image-gallery-img\" src=\"https:\/\/yohann-multi-services.fr\/wp-content\/uploads\/2024\/06\/IMG_1330-1024x768.jpg\" alt=\"\" title=\"IMG_1330\"><\/a><\/figure><\/div><div class=\"vce-image-gallery-item\"><figure class=\"vce-image-gallery-item-inner-wrapper\"><a href=\"https:\/\/yohann-multi-services.fr\/wp-content\/uploads\/2024\/06\/IMG_1321-scaled.jpg\" data-lightbox=\"lightbox-10ac9763\" class=\"vce-image-gallery-item-inner\"><img decoding=\"async\" class=\"vce-image-gallery-img\" src=\"https:\/\/yohann-multi-services.fr\/wp-content\/uploads\/2024\/06\/IMG_1321-1024x768.jpg\" alt=\"\" title=\"IMG_1321\"><\/a><\/figure><\/div><div class=\"vce-image-gallery-item\"><figure class=\"vce-image-gallery-item-inner-wrapper\"><a href=\"https:\/\/yohann-multi-services.fr\/wp-content\/uploads\/2024\/06\/IMG_0344-scaled.jpg\" data-lightbox=\"lightbox-10ac9763\" class=\"vce-image-gallery-item-inner\"><img decoding=\"async\" class=\"vce-image-gallery-img\" src=\"https:\/\/yohann-multi-services.fr\/wp-content\/uploads\/2024\/06\/IMG_0344-1024x768.jpg\" alt=\"\" title=\"IMG_0344\"><\/a><\/figure><\/div><div class=\"vce-image-gallery-item\"><figure class=\"vce-image-gallery-item-inner-wrapper\"><a href=\"https:\/\/yohann-multi-services.fr\/wp-content\/uploads\/2024\/06\/IMG_0250-scaled.jpg\" data-lightbox=\"lightbox-10ac9763\" class=\"vce-image-gallery-item-inner\"><img decoding=\"async\" class=\"vce-image-gallery-img vce-image-gallery-img--orientation-portrait\" src=\"https:\/\/yohann-multi-services.fr\/wp-content\/uploads\/2024\/06\/IMG_0250-577x1024.jpg\" alt=\"\" title=\"IMG_0250\"><\/a><\/figure><\/div><div class=\"vce-image-gallery-item\"><figure class=\"vce-image-gallery-item-inner-wrapper\"><a href=\"https:\/\/yohann-multi-services.fr\/wp-content\/uploads\/2024\/06\/20220401_211549-scaled.jpg\" data-lightbox=\"lightbox-10ac9763\" class=\"vce-image-gallery-item-inner\"><img decoding=\"async\" class=\"vce-image-gallery-img\" src=\"https:\/\/yohann-multi-services.fr\/wp-content\/uploads\/2024\/06\/20220401_211549-1024x576.jpg\" alt=\"\" title=\"20220401_211549\"><\/a><\/figure><\/div><\/div><\/div><\/div><\/div><\/div><\/div><div class=\"vce-col vce-col--md-auto vce-col--xs-1 vce-col--xs-last vce-col--xs-first vce-col--sm-last vce-col--sm-first vce-col--md-last vce-col--lg-last vce-col--xl-last\" id=\"el-96a328b2\"><div class=\"vce-col-inner\" data-vce-do-apply=\"border margin background  el-96a328b2\"><div class=\"vce-col-content\" data-vce-element-content=\"true\" data-vce-do-apply=\"padding el-96a328b2\"><div class=\"vce-text-block\"><div class=\"vce-text-block-wrapper vce\" id=\"el-42361099\" data-vce-do-apply=\"all el-42361099\"><h2>R\u00e9alisation de tables sur mesure<\/h2>\n<p>Cr\u00e9ation de table en bois massif avec pi\u00e8tement en acier ou en bois.<\/p>\n<p>Le bois provient d'une scierie locale plusieurs essence disponible. Devis sur demande<\/p><\/div><\/div><\/div><\/div><\/div><\/div><\/div><\/div><div class=\"vce-row-container\" data-vce-boxed-width=\"true\"><div class=\"vce-row vce-row--col-gap-30 vce-row-equal-height vce-row-content--top\" id=\"el-b670601b\" data-vce-do-apply=\"all el-b670601b\"><div class=\"vce-row-content\" data-vce-element-content=\"true\"><div class=\"vce-col vce-col--md-auto vce-col--xs-1 vce-col--xs-last vce-col--xs-first vce-col--sm-last vce-col--sm-first vce-col--md-last vce-col--lg-last vce-col--xl-last vce-col--md-first vce-col--lg-first vce-col--xl-first\" id=\"el-8a53dcee\"><div class=\"vce-col-inner\" data-vce-do-apply=\"border margin background  el-8a53dcee\"><div class=\"vce-col-content\" data-vce-element-content=\"true\" data-vce-do-apply=\"padding el-8a53dcee\"><div class=\"vce vce-separator-container vce-separator--align-center vce-separator--style-solid\" id=\"el-460c77da\" data-vce-do-apply=\"margin el-460c77da\"><div class=\"vce-separator vce-separator--color-bfc0c1 vce-separator--width-60 vce-separator--thickness-1\" data-vce-do-apply=\"border padding background  el-460c77da\"><\/div><\/div><\/div><\/div><\/div><\/div><\/div><\/div><div class=\"vce-row-container\" data-vce-boxed-width=\"true\"><div class=\"vce-row vce-row--col-gap-30 vce-row-equal-height vce-row-content--top\" id=\"el-698bf4c9\" data-vce-do-apply=\"all el-698bf4c9\"><div class=\"vce-row-content\" data-vce-element-content=\"true\"><div class=\"vce-col vce-col--md-auto vce-col--xs-1 vce-col--xs-last vce-col--xs-first vce-col--sm-last vce-col--sm-first vce-col--md-first vce-col--lg-first vce-col--xl-first\" id=\"el-8b860a46\"><div class=\"vce-col-inner\" data-vce-do-apply=\"border margin background  el-8b860a46\"><div class=\"vce-col-content\" data-vce-element-content=\"true\" data-vce-do-apply=\"padding el-8b860a46\"><div class=\"vce-text-block\"><div class=\"vce-text-block-wrapper vce\" id=\"el-9e4bceda\" data-vce-do-apply=\"all el-9e4bceda\"><h2>Agencement<\/h2>\n<p>R\u00e9alisation de meubles, \u00e9tag\u00e8res, biblioth\u00e8que sur mesure, en bois massif, ou panneaux. finitions de votre choix : vitrifi\u00e9, peint, huil\u00e9 ou naturel pour s'int\u00e9grer au mieux avec votre d\u00e9co.&nbsp;<\/p><\/div><\/div><\/div><\/div><\/div><div class=\"vce-col vce-col--md-auto vce-col--xs-1 vce-col--xs-last vce-col--xs-first vce-col--sm-last vce-col--sm-first vce-col--md-last vce-col--lg-last vce-col--xl-last\" id=\"el-b8788131\"><div class=\"vce-col-inner\" data-vce-do-apply=\"border margin background  el-b8788131\"><div class=\"vce-col-content\" data-vce-element-content=\"true\" data-vce-do-apply=\"padding el-b8788131\"><div class=\"vce-image-gallery vce-image-gallery--gap-10 vce-image-gallery--columns-3\"><div class=\"vce-image-gallery-wrapper vce\" id=\"el-e7b60f0d\" data-vce-do-apply=\"all el-e7b60f0d\"><div class=\"vce-image-gallery-list\"><div class=\"vce-image-gallery-item\"><figure class=\"vce-image-gallery-item-inner-wrapper\"><a href=\"https:\/\/yohann-multi-services.fr\/wp-content\/uploads\/2024\/06\/bibli6.jpg\" data-lightbox=\"lightbox-e7b60f0d\" class=\"vce-image-gallery-item-inner\"><img decoding=\"async\" class=\"vce-image-gallery-img\" src=\"https:\/\/yohann-multi-services.fr\/wp-content\/uploads\/2024\/06\/bibli6.jpg\" alt=\"\" title=\"bibli6\"><\/a><\/figure><\/div><div class=\"vce-image-gallery-item\"><figure class=\"vce-image-gallery-item-inner-wrapper\"><a href=\"https:\/\/yohann-multi-services.fr\/wp-content\/uploads\/2024\/06\/dressing-3-scaled.jpg\" data-lightbox=\"lightbox-e7b60f0d\" class=\"vce-image-gallery-item-inner\"><img decoding=\"async\" class=\"vce-image-gallery-img\" src=\"https:\/\/yohann-multi-services.fr\/wp-content\/uploads\/2024\/06\/dressing-3-1024x768.jpg\" alt=\"\" title=\"dressing 3\"><\/a><\/figure><\/div><div class=\"vce-image-gallery-item\"><figure class=\"vce-image-gallery-item-inner-wrapper\"><a href=\"https:\/\/yohann-multi-services.fr\/wp-content\/uploads\/2024\/06\/rang3apres-scaled.jpg\" data-lightbox=\"lightbox-e7b60f0d\" class=\"vce-image-gallery-item-inner\"><img decoding=\"async\" class=\"vce-image-gallery-img\" src=\"https:\/\/yohann-multi-services.fr\/wp-content\/uploads\/2024\/06\/rang3apres-1024x768.jpg\" alt=\"\" title=\"rang3apres\"><\/a><\/figure><\/div><div class=\"vce-image-gallery-item\"><figure class=\"vce-image-gallery-item-inner-wrapper\"><a href=\"https:\/\/yohann-multi-services.fr\/wp-content\/uploads\/2024\/06\/IMG_1338-scaled.jpg\" data-lightbox=\"lightbox-e7b60f0d\" class=\"vce-image-gallery-item-inner\"><img decoding=\"async\" class=\"vce-image-gallery-img\" src=\"https:\/\/yohann-multi-services.fr\/wp-content\/uploads\/2024\/06\/IMG_1338-1024x768.jpg\" alt=\"\" title=\"IMG_1338\"><\/a><\/figure><\/div><div class=\"vce-image-gallery-item\"><figure class=\"vce-image-gallery-item-inner-wrapper\"><a href=\"https:\/\/yohann-multi-services.fr\/wp-content\/uploads\/2024\/09\/IMG_2448-scaled.jpg\" data-lightbox=\"lightbox-e7b60f0d\" class=\"vce-image-gallery-item-inner\"><img decoding=\"async\" class=\"vce-image-gallery-img\" src=\"https:\/\/yohann-multi-services.fr\/wp-content\/uploads\/2024\/09\/IMG_2448-1024x768.jpg\" alt=\"\" title=\"IMG_2448\"><\/a><\/figure><\/div><div class=\"vce-image-gallery-item\"><figure class=\"vce-image-gallery-item-inner-wrapper\"><a href=\"https:\/\/yohann-multi-services.fr\/wp-content\/uploads\/2024\/09\/IMG_2447-scaled.jpg\" data-lightbox=\"lightbox-e7b60f0d\" class=\"vce-image-gallery-item-inner\"><img decoding=\"async\" class=\"vce-image-gallery-img\" src=\"https:\/\/yohann-multi-services.fr\/wp-content\/uploads\/2024\/09\/IMG_2447-1024x768.jpg\" alt=\"\" title=\"IMG_2447\"><\/a><\/figure><\/div><\/div><\/div><\/div><\/div><\/div><\/div><\/div><\/div><\/div><div class=\"vce-row-container\" data-vce-boxed-width=\"true\"><div class=\"vce-row vce-row--col-gap-30 vce-row-equal-height vce-row-content--top\" id=\"el-aa2475cd\" data-vce-do-apply=\"all el-aa2475cd\"><div class=\"vce-row-content\" data-vce-element-content=\"true\"><div class=\"vce-col vce-col--md-auto vce-col--xs-1 vce-col--xs-last vce-col--xs-first vce-col--sm-last vce-col--sm-first vce-col--md-last vce-col--lg-last vce-col--xl-last vce-col--md-first vce-col--lg-first vce-col--xl-first\" id=\"el-14d1a99d\"><div class=\"vce-col-inner\" data-vce-do-apply=\"border margin background  el-14d1a99d\"><div class=\"vce-col-content\" data-vce-element-content=\"true\" data-vce-do-apply=\"padding el-14d1a99d\"><div class=\"vce vce-separator-container vce-separator--align-center vce-separator--style-solid\" id=\"el-35a00b2d\" data-vce-do-apply=\"margin el-35a00b2d\"><div class=\"vce-separator vce-separator--color-bfc0c1 vce-separator--width-60 vce-separator--thickness-1\" data-vce-do-apply=\"border padding background  el-35a00b2d\"><\/div><\/div><\/div><\/div><\/div><\/div><\/div><\/div><div class=\"vce-row-container\" data-vce-boxed-width=\"true\"><div class=\"vce-row vce-row--col-gap-30 vce-row-equal-height vce-row-content--top\" id=\"el-8dcc2f3a\" data-vce-do-apply=\"all el-8dcc2f3a\"><div class=\"vce-row-content\" data-vce-element-content=\"true\"><div class=\"vce-col vce-col--md-auto vce-col--xs-1 vce-col--xs-last vce-col--xs-first vce-col--sm-last vce-col--sm-first vce-col--md-last vce-col--lg-last vce-col--xl-last vce-col--md-first vce-col--lg-first vce-col--xl-first\" id=\"el-d9f00843\"><div class=\"vce-col-inner\" data-vce-do-apply=\"border margin background  el-d9f00843\"><div class=\"vce-col-content\" data-vce-element-content=\"true\" data-vce-do-apply=\"padding el-d9f00843\"><div class=\"vce-simple-image-slider\" style=\"--backgroundPosition: center center; --pointerColor: #fff; --pointerColorHover: #fd9a00;\"><div class=\"vce-simple-image-slider-wrapper vce vce-simple-image-slider-shape--rounded\" id=\"el-f81a273f\" data-vce-do-apply=\"all el-f81a273f\"><div class=\"vce-simple-image-slider-helper vce-simple-image-slider-aspect-ratio--16-9\"><div class=\"vce-simple-image-slider-list\" data-slick-autoplay=\"on\" data-slick-autoplay-delay=\"2000\" data-slick-effect=\"fade\" data-slick-dots=\"on\" data-slick-arrows=\"off\"><div class=\"slick-list\"><div class=\"slick-track\"><div class=\"vce-simple-image-slider-item vc-slick-item\"><div style=\"background-image:url(https:\/\/yohann-multi-services.fr\/wp-content\/uploads\/2024\/07\/IMG_0212-scaled.jpg)\" class=\"vce-simple-image-slider-img vce-simple-image-slider-img--scale\"><img decoding=\"async\" class=\"\" src=\"https:\/\/yohann-multi-services.fr\/wp-content\/uploads\/2024\/07\/IMG_0212-scaled.jpg\" style=\"opacity:0\" alt=\"\"><\/div><\/div><div class=\"vce-simple-image-slider-item vc-slick-item\"><div style=\"background-image:url(https:\/\/yohann-multi-services.fr\/wp-content\/uploads\/2024\/07\/IMG_0164-scaled.jpg)\" class=\"vce-simple-image-slider-img vce-simple-image-slider-img--scale\"><img decoding=\"async\" class=\"\" src=\"https:\/\/yohann-multi-services.fr\/wp-content\/uploads\/2024\/07\/IMG_0164-scaled.jpg\" style=\"opacity:0\" alt=\"\"><\/div><\/div><div class=\"vce-simple-image-slider-item vc-slick-item\"><div style=\"background-image:url(https:\/\/yohann-multi-services.fr\/wp-content\/uploads\/2024\/07\/IMG_1318-scaled.jpg)\" class=\"vce-simple-image-slider-img vce-simple-image-slider-img--scale\"><img decoding=\"async\" class=\"\" src=\"https:\/\/yohann-multi-services.fr\/wp-content\/uploads\/2024\/07\/IMG_1318-scaled.jpg\" style=\"opacity:0\" alt=\"\"><\/div><\/div><div class=\"vce-simple-image-slider-item vc-slick-item\"><div style=\"background-image:url(https:\/\/yohann-multi-services.fr\/wp-content\/uploads\/2024\/07\/IMG_1314-scaled.jpg)\" class=\"vce-simple-image-slider-img vce-simple-image-slider-img--scale\"><img decoding=\"async\" class=\"\" src=\"https:\/\/yohann-multi-services.fr\/wp-content\/uploads\/2024\/07\/IMG_1314-scaled.jpg\" style=\"opacity:0\" alt=\"\"><\/div><\/div><div class=\"vce-simple-image-slider-item vc-slick-item\"><div style=\"background-image:url(https:\/\/yohann-multi-services.fr\/wp-content\/uploads\/2024\/07\/IMG_1329-scaled.jpg)\" class=\"vce-simple-image-slider-img vce-simple-image-slider-img--scale\"><img decoding=\"async\" class=\"\" src=\"https:\/\/yohann-multi-services.fr\/wp-content\/uploads\/2024\/07\/IMG_1329-scaled.jpg\" style=\"opacity:0\" alt=\"\"><\/div><\/div><div class=\"vce-simple-image-slider-item vc-slick-item\"><div style=\"background-image:url(https:\/\/yohann-multi-services.fr\/wp-content\/uploads\/2024\/07\/20220401_211445-scaled.jpg)\" class=\"vce-simple-image-slider-img vce-simple-image-slider-img--scale\"><img decoding=\"async\" class=\"\" src=\"https:\/\/yohann-multi-services.fr\/wp-content\/uploads\/2024\/07\/20220401_211445-scaled.jpg\" style=\"opacity:0\" alt=\"\"><\/div><\/div><div class=\"vce-simple-image-slider-item vc-slick-item\"><div style=\"background-image:url(https:\/\/yohann-multi-services.fr\/wp-content\/uploads\/2024\/07\/IMG_1338-scaled.jpg)\" class=\"vce-simple-image-slider-img vce-simple-image-slider-img--scale\"><img decoding=\"async\" class=\"\" src=\"https:\/\/yohann-multi-services.fr\/wp-content\/uploads\/2024\/07\/IMG_1338-scaled.jpg\" style=\"opacity:0\" alt=\"\"><\/div><\/div><div class=\"vce-simple-image-slider-item vc-slick-item\"><div style=\"background-image:url(https:\/\/yohann-multi-services.fr\/wp-content\/uploads\/2024\/07\/IMG_0392-scaled.jpg)\" class=\"vce-simple-image-slider-img vce-simple-image-slider-img--scale\"><img decoding=\"async\" class=\"\" src=\"https:\/\/yohann-multi-services.fr\/wp-content\/uploads\/2024\/07\/IMG_0392-scaled.jpg\" style=\"opacity:0\" alt=\"\"><\/div><\/div><div class=\"vce-simple-image-slider-item vc-slick-item\"><div style=\"background-image:url(https:\/\/yohann-multi-services.fr\/wp-content\/uploads\/2024\/06\/bibli6.jpg)\" class=\"vce-simple-image-slider-img vce-simple-image-slider-img--scale\"><img decoding=\"async\" class=\"\" src=\"https:\/\/yohann-multi-services.fr\/wp-content\/uploads\/2024\/06\/bibli6.jpg\" style=\"opacity:0\" alt=\"\"><\/div><\/div><div class=\"vce-simple-image-slider-item vc-slick-item\"><div style=\"background-image:url(https:\/\/yohann-multi-services.fr\/wp-content\/uploads\/2024\/06\/dressing-3-scaled.jpg)\" class=\"vce-simple-image-slider-img vce-simple-image-slider-img--scale\"><img decoding=\"async\" class=\"\" src=\"https:\/\/yohann-multi-services.fr\/wp-content\/uploads\/2024\/06\/dressing-3-scaled.jpg\" style=\"opacity:0\" alt=\"\"><\/div><\/div><div class=\"vce-simple-image-slider-item vc-slick-item\"><div style=\"background-image:url(https:\/\/yohann-multi-services.fr\/wp-content\/uploads\/2024\/06\/bibli4-scaled.jpg)\" class=\"vce-simple-image-slider-img vce-simple-image-slider-img--scale\"><img decoding=\"async\" class=\"\" src=\"https:\/\/yohann-multi-services.fr\/wp-content\/uploads\/2024\/06\/bibli4-scaled.jpg\" style=\"opacity:0\" alt=\"\"><\/div><\/div><div class=\"vce-simple-image-slider-item vc-slick-item\"><div style=\"background-image:url(https:\/\/yohann-multi-services.fr\/wp-content\/uploads\/2024\/06\/IMG_1483-scaled.jpg)\" class=\"vce-simple-image-slider-img vce-simple-image-slider-img--scale\"><img decoding=\"async\" class=\"\" src=\"https:\/\/yohann-multi-services.fr\/wp-content\/uploads\/2024\/06\/IMG_1483-scaled.jpg\" style=\"opacity:0\" alt=\"\"><\/div><\/div><div class=\"vce-simple-image-slider-item vc-slick-item\"><div style=\"background-image:url(https:\/\/yohann-multi-services.fr\/wp-content\/uploads\/2024\/06\/IMG_0344-scaled.jpg)\" class=\"vce-simple-image-slider-img vce-simple-image-slider-img--scale\"><img decoding=\"async\" class=\"\" src=\"https:\/\/yohann-multi-services.fr\/wp-content\/uploads\/2024\/06\/IMG_0344-scaled.jpg\" style=\"opacity:0\" alt=\"\"><\/div><\/div><div class=\"vce-simple-image-slider-item vc-slick-item\"><div style=\"background-image:url(https:\/\/yohann-multi-services.fr\/wp-content\/uploads\/2024\/06\/rang4apres-scaled.jpg)\" class=\"vce-simple-image-slider-img vce-simple-image-slider-img--scale\"><img decoding=\"async\" class=\"\" src=\"https:\/\/yohann-multi-services.fr\/wp-content\/uploads\/2024\/06\/rang4apres-scaled.jpg\" style=\"opacity:0\" alt=\"\"><\/div><\/div><div class=\"vce-simple-image-slider-item vc-slick-item\"><div style=\"background-image:url(https:\/\/yohann-multi-services.fr\/wp-content\/uploads\/2024\/06\/IMG_0250-scaled.jpg)\" class=\"vce-simple-image-slider-img vce-simple-image-slider-img--scale\"><img decoding=\"async\" class=\"\" src=\"https:\/\/yohann-multi-services.fr\/wp-content\/uploads\/2024\/06\/IMG_0250-scaled.jpg\" style=\"opacity:0\" alt=\"\"><\/div><\/div><div class=\"vce-simple-image-slider-item vc-slick-item\"><div style=\"background-image:url(https:\/\/yohann-multi-services.fr\/wp-content\/uploads\/2024\/09\/IMG_2447-scaled.jpg)\" class=\"vce-simple-image-slider-img vce-simple-image-slider-img--scale\"><img decoding=\"async\" class=\"\" src=\"https:\/\/yohann-multi-services.fr\/wp-content\/uploads\/2024\/09\/IMG_2447-scaled.jpg\" style=\"opacity:0\" alt=\"\"><\/div><\/div><div class=\"vce-simple-image-slider-item vc-slick-item\"><div style=\"background-image:url(https:\/\/yohann-multi-services.fr\/wp-content\/uploads\/2024\/09\/IMG_2448-scaled.jpg)\" class=\"vce-simple-image-slider-img vce-simple-image-slider-img--scale\"><img decoding=\"async\" class=\"\" src=\"https:\/\/yohann-multi-services.fr\/wp-content\/uploads\/2024\/09\/IMG_2448-scaled.jpg\" style=\"opacity:0\" alt=\"\"><\/div><\/div><\/div><\/div><\/div><div class=\"vce-simple-image-slider-dots\"><\/div><\/div><\/div><\/div><\/div><\/div><\/div><\/div><\/div><\/div>\n","protected":false},"excerpt":{"rendered":"<p>R\u00e9alisation de meubles sur mesureR\u00e9alisation de tables sur mesure Cr\u00e9ation de table en bois massif avec pi\u00e8tement en acier ou en bois. Le bois provient d&rsquo;une scierie locale plusieurs essence disponible. Devis sur demandeAgencement R\u00e9alisation de meubles, \u00e9tag\u00e8res, biblioth\u00e8que sur mesure, en bois massif, ou panneaux. finitions de votre choix : vitrifi\u00e9, peint, huil\u00e9 ou &hellip; <\/p>\n<p class=\"link-more\"><a href=\"https:\/\/yohann-multi-services.fr\/index.php\/menuiserie\/\" class=\"more-link\">Lire la suite de<span class=\"screen-reader-text\">\u00ab\u00a0\u00a0\u00bb<\/span><\/a><\/p>\n","protected":false},"author":1,"featured_media":122,"parent":0,"menu_order":0,"comment_status":"closed","ping_status":"closed","template":"","meta":{"footnotes":""},"class_list":["post-194","page","type-page","status-publish","has-post-thumbnail","hentry"],"_links":{"self":[{"href":"https:\/\/yohann-multi-services.fr\/index.php\/wp-json\/wp\/v2\/pages\/194","targetHints":{"allow":["GET"]}}],"collection":[{"href":"https:\/\/yohann-multi-services.fr\/index.php\/wp-json\/wp\/v2\/pages"}],"about":[{"href":"https:\/\/yohann-multi-services.fr\/index.php\/wp-json\/wp\/v2\/types\/page"}],"author":[{"embeddable":true,"href":"https:\/\/yohann-multi-services.fr\/index.php\/wp-json\/wp\/v2\/users\/1"}],"replies":[{"embeddable":true,"href":"https:\/\/yohann-multi-services.fr\/index.php\/wp-json\/wp\/v2\/comments?post=194"}],"version-history":[{"count":6,"href":"https:\/\/yohann-multi-services.fr\/index.php\/wp-json\/wp\/v2\/pages\/194\/revisions"}],"predecessor-version":[{"id":327,"href":"https:\/\/yohann-multi-services.fr\/index.php\/wp-json\/wp\/v2\/pages\/194\/revisions\/327"}],"wp:featuredmedia":[{"embeddable":true,"href":"https:\/\/yohann-multi-services.fr\/index.php\/wp-json\/wp\/v2\/media\/122"}],"wp:attachment":[{"href":"https:\/\/yohann-multi-services.fr\/index.php\/wp-json\/wp\/v2\/media?parent=194"}],"curies":[{"name":"wp","href":"https:\/\/api.w.org\/{rel}","templated":true}]}}