{"id":16,"date":"2024-05-26T20:31:21","date_gmt":"2024-05-26T18:31:21","guid":{"rendered":"http:\/\/flzsate.cluster029.hosting.ovh.net\/?page_id=16"},"modified":"2024-07-15T19:01:57","modified_gmt":"2024-07-15T17:01:57","slug":"contact-2","status":"publish","type":"page","link":"https:\/\/yohann-multi-services.fr\/index.php\/contact-2\/","title":{"rendered":"Contact"},"content":{"rendered":"<div class=\"vce-row-container\" data-vce-boxed-width=\"true\"><div class=\"vce-row vce-row--col-gap-30 vce-row-equal-height vce-row-content--top\" id=\"el-332f86cd\" data-vce-do-apply=\"all el-332f86cd\"><div class=\"vce-row-content\" data-vce-element-content=\"true\"><div class=\"vce-col vce-col--md-auto vce-col--xs-1 vce-col--xs-last vce-col--xs-first vce-col--sm-last vce-col--sm-first vce-col--md-first vce-col--lg-first vce-col--xl-first\" id=\"el-39474e1c\"><div class=\"vce-col-inner\" data-vce-do-apply=\"border margin background  el-39474e1c\"><div class=\"vce-col-content\" data-vce-element-content=\"true\" data-vce-do-apply=\"padding el-39474e1c\"><div class=\"vce-single-image-container vce-single-image--align-left\"><div class=\"vce vce-single-image-wrapper\" id=\"el-f087f120\" data-vce-do-apply=\"all el-f087f120\"><figure><div class=\"vce-single-image-figure-inner\" style=\"width: 867px;\"><div class=\"vce-single-image-inner vce-single-image--absolute\" style=\"width: 100%; padding-bottom: 57.5548%;\"><img fetchpriority=\"high\" decoding=\"async\" class=\"vce-single-image\"  width=\"867\" height=\"499\" srcset=\"https:\/\/yohann-multi-services.fr\/wp-content\/uploads\/2024\/06\/plan-867x320.jpg 867w, https:\/\/yohann-multi-services.fr\/wp-content\/uploads\/2024\/07\/plan-320x184.jpg 320w\" src=\"https:\/\/yohann-multi-services.fr\/wp-content\/uploads\/2024\/06\/plan-867x320.jpg\" data-img-src=\"https:\/\/yohann-multi-services.fr\/wp-content\/uploads\/2024\/06\/plan.jpg\" data-attachment-id=\"277\"  alt=\"\" title=\"plan\" \/><\/div><\/div><figcaption hidden=\"\"><\/figcaption><\/figure><\/div><\/div><\/div><\/div><\/div><div class=\"vce-col vce-col--md-auto vce-col--xs-1 vce-col--xs-last vce-col--xs-first vce-col--sm-last vce-col--sm-first vce-col--md-last vce-col--lg-last vce-col--xl-last\" id=\"el-c6d05337\"><div class=\"vce-col-inner\" data-vce-do-apply=\"border margin background  el-c6d05337\"><div class=\"vce-col-content\" data-vce-element-content=\"true\" data-vce-do-apply=\"padding el-c6d05337\"><div class=\"vce-text-block\"><div class=\"vce-text-block-wrapper vce\" id=\"el-c91f9015\" data-vce-do-apply=\"all el-c91f9015\"><h2>Contact<\/h2><p>Vous pouvez me contacter par mail<br>contact@yohann-multi-services.fr<\/p><p>Par t\u00e9l\u00e9phone au 06 15 15 78 67<\/p><p>Adresse Postale<br>3 le pr\u00e9<br>49610 Moz\u00e9 sur Louet<\/p><\/div><\/div><\/div><\/div><\/div><\/div><\/div><\/div>\n","protected":false},"excerpt":{"rendered":"<p>ContactVous pouvez me contacter par mailcontact@yohann-multi-services.frPar t\u00e9l\u00e9phone au 06 15 15 78 67Adresse Postale3 le pr\u00e949610 Moz\u00e9 sur Louet<\/p>\n","protected":false},"author":1,"featured_media":122,"parent":0,"menu_order":0,"comment_status":"closed","ping_status":"closed","template":"","meta":{"footnotes":""},"class_list":["post-16","page","type-page","status-publish","has-post-thumbnail","hentry"],"_links":{"self":[{"href":"https:\/\/yohann-multi-services.fr\/index.php\/wp-json\/wp\/v2\/pages\/16","targetHints":{"allow":["GET"]}}],"collection":[{"href":"https:\/\/yohann-multi-services.fr\/index.php\/wp-json\/wp\/v2\/pages"}],"about":[{"href":"https:\/\/yohann-multi-services.fr\/index.php\/wp-json\/wp\/v2\/types\/page"}],"author":[{"embeddable":true,"href":"https:\/\/yohann-multi-services.fr\/index.php\/wp-json\/wp\/v2\/users\/1"}],"replies":[{"embeddable":true,"href":"https:\/\/yohann-multi-services.fr\/index.php\/wp-json\/wp\/v2\/comments?post=16"}],"version-history":[{"count":4,"href":"https:\/\/yohann-multi-services.fr\/index.php\/wp-json\/wp\/v2\/pages\/16\/revisions"}],"predecessor-version":[{"id":307,"href":"https:\/\/yohann-multi-services.fr\/index.php\/wp-json\/wp\/v2\/pages\/16\/revisions\/307"}],"wp:featuredmedia":[{"embeddable":true,"href":"https:\/\/yohann-multi-services.fr\/index.php\/wp-json\/wp\/v2\/media\/122"}],"wp:attachment":[{"href":"https:\/\/yohann-multi-services.fr\/index.php\/wp-json\/wp\/v2\/media?parent=16"}],"curies":[{"name":"wp","href":"https:\/\/api.w.org\/{rel}","templated":true}]}}